{"id":15,"date":"2014-06-05T19:37:34","date_gmt":"2014-06-05T19:37:34","guid":{"rendered":"http:\/\/leczgda2.abit.gda.pl\/?page_id=15"},"modified":"2020-05-23T12:27:02","modified_gmt":"2020-05-23T12:27:02","slug":"uslugi","status":"publish","type":"page","link":"https:\/\/lecznica.gdansk.pl\/?page_id=15","title":{"rendered":"US\u0141UGI"},"content":{"rendered":"<p><strong style=\"font-weight: bold;\">Badania krwi<\/strong>\u00a0wykonujemy<\/p>\n<p>od poniedzia\u0142ku do pi\u0105tku<\/p>\n<p>w godzinach\u00a0<strong style=\"font-weight: bold;\">9-19.<\/strong><\/p>\n<p><strong style=\"font-weight: bold;\"><span style=\"color: #ff0000; text-decoration: underline;\">W SOBOTY NIE MA MO\u017bLIWO\u015aCI<\/span><\/strong><\/p>\n<p><strong style=\"font-weight: bold;\"><span style=\"color: #ff0000; text-decoration: underline;\">WYKONANIA BADA\u0143 KRWI I BADANIA USG.<\/span><\/strong><\/p>\n<p>Przed badaniem krwi zwierz\u0119 musi by\u0107 na czczo (12 godzin).<\/p>\n<p>Na\u00a0<strong style=\"font-weight: bold;\">badanie USG<\/strong>\u00a0przyjmujemy zapisy<\/p>\n<p>(SMS lub mail)<\/p>\n<p>Obowi\u0105zuje g\u0142od\u00f3wka 24 oraz<\/p>\n<p>wype\u0142niony p\u0119cherz moczowy.<\/p>\n<p style=\"text-align: left;\">***<\/p>\n<p>Psy i koty z chorobami sk\u00f3ry<\/p>\n<p>przyjmuje<\/p>\n<p><span style=\"font-weight: bold;\">dr n. med. Ma\u0142gorzata Taube.<\/span><\/p>\n<p>Zapraszamy wszystkich w\u0142a\u015bcicieli zwierz\u0105t<\/p>\n<p>z problemami dermatologicznymi<\/p>\n<p>od poniedzia\u0142ku do czwartku w godzinach 16-19.<\/p>\n<p><span style=\"color: #ff0000;\">W pi\u0105tki i soboty Dr Taube nie przyjmuje.<\/span><\/p>\n<p>&nbsp;<\/p>\n<p>&nbsp;<\/p>\n<p style=\"text-align: left;\">\n","protected":false},"excerpt":{"rendered":"<p>Badania krwi\u00a0wykonujemy od poniedzia\u0142ku do pi\u0105tku w godzinach\u00a09-19. W SOBOTY NIE MA MO\u017bLIWO\u015aCI WYKONANIA BADA\u0143 KRWI I BADANIA USG. Przed badaniem krwi zwierz\u0119 musi by\u0107 na czczo (12 godzin). Na\u00a0badanie USG\u00a0przyjmujemy zapisy (SMS lub mail) Obowi\u0105zuje g\u0142od\u00f3wka 24 oraz wype\u0142niony p\u0119cherz moczowy. *** Psy i koty z chorobami sk\u00f3ry przyjmuje dr n. med. Ma\u0142gorzata Taube. &hellip; <a href=\"https:\/\/lecznica.gdansk.pl\/?page_id=15\" class=\"more-link\">Czytaj dalej <span class=\"screen-reader-text\">US\u0141UGI<\/span> <span class=\"meta-nav\">&rarr;<\/span><\/a><\/p>\n","protected":false},"author":1,"featured_media":0,"parent":0,"menu_order":2,"comment_status":"closed","ping_status":"closed","template":"","meta":[],"_links":{"self":[{"href":"https:\/\/lecznica.gdansk.pl\/index.php?rest_route=\/wp\/v2\/pages\/15"}],"collection":[{"href":"https:\/\/lecznica.gdansk.pl\/index.php?rest_route=\/wp\/v2\/pages"}],"about":[{"href":"https:\/\/lecznica.gdansk.pl\/index.php?rest_route=\/wp\/v2\/types\/page"}],"author":[{"embeddable":true,"href":"https:\/\/lecznica.gdansk.pl\/index.php?rest_route=\/wp\/v2\/users\/1"}],"replies":[{"embeddable":true,"href":"https:\/\/lecznica.gdansk.pl\/index.php?rest_route=%2Fwp%2Fv2%2Fcomments&post=15"}],"version-history":[{"count":8,"href":"https:\/\/lecznica.gdansk.pl\/index.php?rest_route=\/wp\/v2\/pages\/15\/revisions"}],"predecessor-version":[{"id":1023,"href":"https:\/\/lecznica.gdansk.pl\/index.php?rest_route=\/wp\/v2\/pages\/15\/revisions\/1023"}],"wp:attachment":[{"href":"https:\/\/lecznica.gdansk.pl\/index.php?rest_route=%2Fwp%2Fv2%2Fmedia&parent=15"}],"curies":[{"name":"wp","href":"https:\/\/api.w.org\/{rel}","templated":true}]}}