{"id":23,"date":"2014-06-05T19:40:03","date_gmt":"2014-06-05T19:40:03","guid":{"rendered":"http:\/\/leczgda2.abit.gda.pl\/?page_id=23"},"modified":"2023-06-28T14:54:59","modified_gmt":"2023-06-28T13:54:59","slug":"diagnostyka","status":"publish","type":"page","link":"https:\/\/lecznica.gdansk.pl\/?page_id=23","title":{"rendered":"O NAS"},"content":{"rendered":"<p style=\"text-align: justify;\"><a href=\"http:\/\/lecznica.gdansk.pl\/wp-content\/uploads\/2014\/06\/P1010778.jpg\"><img loading=\"lazy\" class=\"alignright wp-image-244 size-medium\" src=\"http:\/\/lecznica.gdansk.pl\/wp-content\/uploads\/2014\/06\/P1010778-300x216.jpg\" alt=\"P1010778\" width=\"300\" height=\"216\" srcset=\"https:\/\/lecznica.gdansk.pl\/wp-content\/uploads\/2014\/06\/P1010778-300x216.jpg 300w, https:\/\/lecznica.gdansk.pl\/wp-content\/uploads\/2014\/06\/P1010778.jpg 338w\" sizes=\"(max-width: 300px) 100vw, 300px\" \/><\/a>\u00a0 Szanowni Pa\u0144stwo Nasza przychodnia istnieje od 1990 roku. Z zami\u0142owania do zwierz\u0105t uko\u0144czy\u0142y\u015bmy weterynari\u0119 Bierzemy udzia\u0142 w licznych kongresach oraz szkoleniach by stale pog\u0142\u0119bia\u0107 wiedz\u0119 oraz ulepsza\u0107 jako\u015b\u0107 \u015bwiadczonych us\u0142ug.<\/p>\n<p>Jeste\u015bmy jedyn\u0105 lecznic\u0105 w Tr\u00f3jmie\u015bcie, kt\u00f3ra specjalizuje si\u0119 w dermatologii. Od wielu lat wsp\u00f3\u0142pracujemy z Laboratorium Greer, kt\u00f3re w dziedzinie dermatologii odnios\u0142o sukces na skal\u0119 \u015bwiatow\u0105.<\/p>\n<p>Zajmujemy si\u0119 tak\u017ce leczeniem chor\u00f3b\u00a0gryzoni i zaj\u0119czak\u00f3w.<\/p>\n<p><span style=\"color: red;\"> Akceptujemy p\u0142atno\u015b\u0107 kart\u0105.<\/span><\/p>\n<p><span style=\"text-decoration: underline;\">LEKARZE WETERYNARII:<\/span><\/p>\n<p><span style=\"line-height: 1.5;\">dr n. wet.\u00a0 Ma\u0142gorzata Taube\u00a0 \u00a0 \u00a0specjalista chor\u00f3b ps\u00f3w i kot\u00f3w\u00a0 <\/span><\/p>\n<p><span style=\"line-height: 1.5;\">lek. wet.\u00a0\u00a0<\/span>Anna Bielska\u00a0 \u00a0specjalista chor\u00f3b ps\u00f3w i kot\u00f3w<\/p>\n<p>lek .wet. Katarzyna Wi\u015bniewska-Kobus specjalista radiologii weterynaryjnej<\/p>\n<p>lek.wet.\u00a0 Magdalena Buczy\u0144ska<\/p>\n<p>lek.wet. Julia Wielka<\/p>\n","protected":false},"excerpt":{"rendered":"<p>\u00a0 Szanowni Pa\u0144stwo Nasza przychodnia istnieje od 1990 roku. Z zami\u0142owania do zwierz\u0105t uko\u0144czy\u0142y\u015bmy weterynari\u0119 Bierzemy udzia\u0142 w licznych kongresach oraz szkoleniach by stale pog\u0142\u0119bia\u0107 wiedz\u0119 oraz ulepsza\u0107 jako\u015b\u0107 \u015bwiadczonych us\u0142ug. Jeste\u015bmy jedyn\u0105 lecznic\u0105 w Tr\u00f3jmie\u015bcie, kt\u00f3ra specjalizuje si\u0119 w dermatologii. Od wielu lat wsp\u00f3\u0142pracujemy z Laboratorium Greer, kt\u00f3re w dziedzinie dermatologii odnios\u0142o sukces na &hellip; <a href=\"https:\/\/lecznica.gdansk.pl\/?page_id=23\" class=\"more-link\">Czytaj dalej <span class=\"screen-reader-text\">O NAS<\/span> <span class=\"meta-nav\">&rarr;<\/span><\/a><\/p>\n","protected":false},"author":1,"featured_media":0,"parent":0,"menu_order":1,"comment_status":"closed","ping_status":"closed","template":"","meta":[],"_links":{"self":[{"href":"https:\/\/lecznica.gdansk.pl\/index.php?rest_route=\/wp\/v2\/pages\/23"}],"collection":[{"href":"https:\/\/lecznica.gdansk.pl\/index.php?rest_route=\/wp\/v2\/pages"}],"about":[{"href":"https:\/\/lecznica.gdansk.pl\/index.php?rest_route=\/wp\/v2\/types\/page"}],"author":[{"embeddable":true,"href":"https:\/\/lecznica.gdansk.pl\/index.php?rest_route=\/wp\/v2\/users\/1"}],"replies":[{"embeddable":true,"href":"https:\/\/lecznica.gdansk.pl\/index.php?rest_route=%2Fwp%2Fv2%2Fcomments&post=23"}],"version-history":[{"count":13,"href":"https:\/\/lecznica.gdansk.pl\/index.php?rest_route=\/wp\/v2\/pages\/23\/revisions"}],"predecessor-version":[{"id":1094,"href":"https:\/\/lecznica.gdansk.pl\/index.php?rest_route=\/wp\/v2\/pages\/23\/revisions\/1094"}],"wp:attachment":[{"href":"https:\/\/lecznica.gdansk.pl\/index.php?rest_route=%2Fwp%2Fv2%2Fmedia&parent=23"}],"curies":[{"name":"wp","href":"https:\/\/api.w.org\/{rel}","templated":true}]}}