{"id":281,"date":"2015-01-27T11:13:07","date_gmt":"2015-01-27T11:13:07","guid":{"rendered":"http:\/\/lecznica.gdansk.pl\/?page_id=281"},"modified":"2015-01-27T11:14:58","modified_gmt":"2015-01-27T11:14:58","slug":"terapia-komorkami-macierzystymi","status":"publish","type":"page","link":"https:\/\/lecznica.gdansk.pl\/?page_id=281","title":{"rendered":"terapia kom\u00f3rkami macierzystymi"},"content":{"rendered":"<p>Wsp\u00f3\u0142pracujemy z lek. wet. Jerzym Kemilewem specjalist\u0105 w dziedzinie terapii allogenicznymi kom\u00f3rkami macierzystymi.<\/p>\n<p><a href=\"http:\/\/www.regenvet.pl\/\">http:\/\/www.regenvet.pl\/<\/a><\/p>\n<p><a href=\"https:\/\/pl-pl.facebook.com\/Regenvet\">https:\/\/pl-pl.facebook.com\/Regenvet<\/a><\/p>\n","protected":false},"excerpt":{"rendered":"<p>Wsp\u00f3\u0142pracujemy z lek. wet. Jerzym Kemilewem specjalist\u0105 w dziedzinie terapii allogenicznymi kom\u00f3rkami macierzystymi. http:\/\/www.regenvet.pl\/ https:\/\/pl-pl.facebook.com\/Regenvet<\/p>\n","protected":false},"author":2,"featured_media":0,"parent":56,"menu_order":1,"comment_status":"closed","ping_status":"closed","template":"","meta":[],"_links":{"self":[{"href":"https:\/\/lecznica.gdansk.pl\/index.php?rest_route=\/wp\/v2\/pages\/281"}],"collection":[{"href":"https:\/\/lecznica.gdansk.pl\/index.php?rest_route=\/wp\/v2\/pages"}],"about":[{"href":"https:\/\/lecznica.gdansk.pl\/index.php?rest_route=\/wp\/v2\/types\/page"}],"author":[{"embeddable":true,"href":"https:\/\/lecznica.gdansk.pl\/index.php?rest_route=\/wp\/v2\/users\/2"}],"replies":[{"embeddable":true,"href":"https:\/\/lecznica.gdansk.pl\/index.php?rest_route=%2Fwp%2Fv2%2Fcomments&post=281"}],"version-history":[{"count":1,"href":"https:\/\/lecznica.gdansk.pl\/index.php?rest_route=\/wp\/v2\/pages\/281\/revisions"}],"predecessor-version":[{"id":282,"href":"https:\/\/lecznica.gdansk.pl\/index.php?rest_route=\/wp\/v2\/pages\/281\/revisions\/282"}],"up":[{"embeddable":true,"href":"https:\/\/lecznica.gdansk.pl\/index.php?rest_route=\/wp\/v2\/pages\/56"}],"wp:attachment":[{"href":"https:\/\/lecznica.gdansk.pl\/index.php?rest_route=%2Fwp%2Fv2%2Fmedia&parent=281"}],"curies":[{"name":"wp","href":"https:\/\/api.w.org\/{rel}","templated":true}]}}