{"id":38,"date":"2014-06-05T19:55:14","date_gmt":"2014-06-05T19:55:14","guid":{"rendered":"http:\/\/leczgda2.abit.gda.pl\/?page_id=38"},"modified":"2023-07-18T12:58:17","modified_gmt":"2023-07-18T11:58:17","slug":"lekarze","status":"publish","type":"page","link":"https:\/\/lecznica.gdansk.pl\/?page_id=38","title":{"rendered":"LEKARZE"},"content":{"rendered":"\n<p>   <\/p>\n\n\n\n<figure class=\"wp-block-table\"><table><tbody><tr><td><strong><span style=\"color: #333399;\">dr n. wet. Ma\u0142gorzata Taube<\/span><\/strong><br>lekarz weterynarii<br>specjalista chor\u00f3b ps\u00f3w i kot\u00f3w<\/td><td><a href=\"http:\/\/lecznica.gdansk.pl\/wp-content\/uploads\/2014\/06\/Mysza.jpg\"><img loading=\"lazy\" class=\"alignnone wp-image-846 size-medium\" src=\"http:\/\/lecznica.gdansk.pl\/wp-content\/uploads\/2014\/06\/Mysza-225x300.jpg\" alt=\"\" width=\"225\" height=\"300\" srcset=\"https:\/\/lecznica.gdansk.pl\/wp-content\/uploads\/2014\/06\/Mysza-225x300.jpg 225w, https:\/\/lecznica.gdansk.pl\/wp-content\/uploads\/2014\/06\/Mysza.jpg 600w\" sizes=\"(max-width: 225px) 100vw, 225px\" \/><\/a><\/td><\/tr><tr><td><a href=\"http:\/\/lecznica.gdansk.pl\/wp-content\/uploads\/2014\/06\/Ania-na-strone.jpg\"><img loading=\"lazy\" class=\"alignnone size-medium wp-image-200\" src=\"http:\/\/lecznica.gdansk.pl\/wp-content\/uploads\/2014\/06\/Ania-na-strone-217x300.jpg\" alt=\"Ania na strone\" width=\"217\" height=\"300\" srcset=\"https:\/\/lecznica.gdansk.pl\/wp-content\/uploads\/2014\/06\/Ania-na-strone-217x300.jpg 217w, https:\/\/lecznica.gdansk.pl\/wp-content\/uploads\/2014\/06\/Ania-na-strone.jpg 326w\" sizes=\"(max-width: 217px) 100vw, 217px\" \/><\/a><\/td><td><span style=\"color: #333399;\"><strong>Anna Bielska<\/strong><\/span><br>lekarz weterynarii<br>specjalista chor\u00f3b ps\u00f3w i kot\u00f3w<\/td><\/tr><tr><td><span style=\"color: #000080;\">&nbsp;Magdalena Buczy\u0144ska<\/span>\n<p>&nbsp;<\/p>\n<p>lekarz weterynarii<\/p>\n<\/td><td><a href=\"https:\/\/lecznica.gdansk.pl\/?attachment_id=1051\" rel=\"attachment wp-att-1051\"><img loading=\"lazy\" class=\"alignnone size-medium wp-image-1051\" src=\"https:\/\/lecznica.gdansk.pl\/wp-content\/uploads\/2021\/06\/Magda-fotka-300x300.jpg\" alt=\"\" width=\"300\" height=\"300\" srcset=\"https:\/\/lecznica.gdansk.pl\/wp-content\/uploads\/2021\/06\/Magda-fotka-300x300.jpg 300w, https:\/\/lecznica.gdansk.pl\/wp-content\/uploads\/2021\/06\/Magda-fotka-1024x1024.jpg 1024w, https:\/\/lecznica.gdansk.pl\/wp-content\/uploads\/2021\/06\/Magda-fotka-150x150.jpg 150w, https:\/\/lecznica.gdansk.pl\/wp-content\/uploads\/2021\/06\/Magda-fotka-768x768.jpg 768w, https:\/\/lecznica.gdansk.pl\/wp-content\/uploads\/2021\/06\/Magda-fotka-1536x1536.jpg 1536w, https:\/\/lecznica.gdansk.pl\/wp-content\/uploads\/2021\/06\/Magda-fotka-2048x2048.jpg 2048w\" sizes=\"(max-width: 300px) 100vw, 300px\" \/><\/a><\/td><\/tr><tr><td>&nbsp;<a href=\"http:\/\/lecznica.gdansk.pl\/wp-content\/uploads\/2014\/06\/Kasia.jpg\"><img loading=\"lazy\" class=\"alignnone size-medium wp-image-675\" src=\"http:\/\/lecznica.gdansk.pl\/wp-content\/uploads\/2014\/06\/Kasia-216x300.jpg\" alt=\"Kasia\" width=\"216\" height=\"300\" srcset=\"https:\/\/lecznica.gdansk.pl\/wp-content\/uploads\/2014\/06\/Kasia-216x300.jpg 216w, https:\/\/lecznica.gdansk.pl\/wp-content\/uploads\/2014\/06\/Kasia-740x1024.jpg 740w, https:\/\/lecznica.gdansk.pl\/wp-content\/uploads\/2014\/06\/Kasia.jpg 783w\" sizes=\"(max-width: 216px) 100vw, 216px\" \/><\/a><\/td><td><a title=\"lekarz weterynarii\" href=\"Katarzyna%20Wi\u015bniewska-Kobus\"><strong><span style=\"color: #333399;\">Katarzyna Wi\u015bniewska-Kobus<\/span><\/strong><\/a><a title=\"lekarz weterynarii\" href=\"Katarzyna%20Wi\u015bniewska-Kobus\"><br><\/a>lekarz weterynarii\n<p>&nbsp;<\/p>\n<p>specjalista radiologii weterynaryjnej<\/p>\n<\/td><\/tr><tr><td><strong><span style=\"color:#001280\" class=\"has-inline-color\">Julia Wielka<\/span><\/strong><br>lekarz weterynarii<br><\/td><td><img src=\"https:\/\/lecznica.gdansk.pl\/wp-content\/uploads\/2023\/07\/Julia-1-193x300.jpg\" alt=\"Obrazek posiada pusty atrybut alt; plik o nazwie Julia-1-193x300.jpg\"><\/td><\/tr><\/tbody><\/table><\/figure>\n\n\n\n<p><\/p>\n","protected":false},"excerpt":{"rendered":"<p>dr n. wet. Ma\u0142gorzata Taubelekarz weterynariispecjalista chor\u00f3b ps\u00f3w i kot\u00f3w Anna Bielskalekarz weterynariispecjalista chor\u00f3b ps\u00f3w i kot\u00f3w &nbsp;Magdalena Buczy\u0144ska &nbsp; lekarz weterynarii &nbsp; Katarzyna Wi\u015bniewska-Kobuslekarz weterynarii &nbsp; specjalista radiologii weterynaryjnej Julia Wielkalekarz weterynarii<\/p>\n","protected":false},"author":1,"featured_media":0,"parent":23,"menu_order":1,"comment_status":"closed","ping_status":"closed","template":"","meta":[],"_links":{"self":[{"href":"https:\/\/lecznica.gdansk.pl\/index.php?rest_route=\/wp\/v2\/pages\/38"}],"collection":[{"href":"https:\/\/lecznica.gdansk.pl\/index.php?rest_route=\/wp\/v2\/pages"}],"about":[{"href":"https:\/\/lecznica.gdansk.pl\/index.php?rest_route=\/wp\/v2\/types\/page"}],"author":[{"embeddable":true,"href":"https:\/\/lecznica.gdansk.pl\/index.php?rest_route=\/wp\/v2\/users\/1"}],"replies":[{"embeddable":true,"href":"https:\/\/lecznica.gdansk.pl\/index.php?rest_route=%2Fwp%2Fv2%2Fcomments&post=38"}],"version-history":[{"count":19,"href":"https:\/\/lecznica.gdansk.pl\/index.php?rest_route=\/wp\/v2\/pages\/38\/revisions"}],"predecessor-version":[{"id":1103,"href":"https:\/\/lecznica.gdansk.pl\/index.php?rest_route=\/wp\/v2\/pages\/38\/revisions\/1103"}],"up":[{"embeddable":true,"href":"https:\/\/lecznica.gdansk.pl\/index.php?rest_route=\/wp\/v2\/pages\/23"}],"wp:attachment":[{"href":"https:\/\/lecznica.gdansk.pl\/index.php?rest_route=%2Fwp%2Fv2%2Fmedia&parent=38"}],"curies":[{"name":"wp","href":"https:\/\/api.w.org\/{rel}","templated":true}]}}