{"id":42,"date":"2014-06-05T20:02:29","date_gmt":"2014-06-05T20:02:29","guid":{"rendered":"http:\/\/leczgda2.abit.gda.pl\/?page_id=42"},"modified":"2014-07-11T14:32:54","modified_gmt":"2014-07-11T14:32:54","slug":"dermatologia-testy-alergiczne","status":"publish","type":"page","link":"https:\/\/lecznica.gdansk.pl\/?page_id=42","title":{"rendered":"Testy alergiczne"},"content":{"rendered":"<p><strong>Testy \u015br\u00f3dsk\u00f3rne<\/strong> (wstrzykni\u0119cie \u015br\u00f3dsk\u00f3rne alergenu) s\u0142u\u017c\u0105 do diagnozowania nadwra\u017cliwo\u015bci na np. sk\u0142adniki kurzu domowego, roztocza kurzu domowego, uk\u0105szenia owad\u00f3w, py\u0142ki ro\u015blin, ple\u015bnie. Testy \u015br\u00f3dsk\u00f3rne s\u0105 uwa\u017cane za najbardziej czu\u0142\u0105 z obecnie dost\u0119pnych metod identyfikacji alergen\u00f3w na kt\u00f3re uczulony jest osobnik atopowy.<\/p>\n","protected":false},"excerpt":{"rendered":"<p>Testy \u015br\u00f3dsk\u00f3rne (wstrzykni\u0119cie \u015br\u00f3dsk\u00f3rne alergenu) s\u0142u\u017c\u0105 do diagnozowania nadwra\u017cliwo\u015bci na np. sk\u0142adniki kurzu domowego, roztocza kurzu domowego, uk\u0105szenia owad\u00f3w, py\u0142ki ro\u015blin, ple\u015bnie. Testy \u015br\u00f3dsk\u00f3rne s\u0105 uwa\u017cane za najbardziej czu\u0142\u0105 z obecnie dost\u0119pnych metod identyfikacji alergen\u00f3w na kt\u00f3re uczulony jest osobnik atopowy.<\/p>\n","protected":false},"author":1,"featured_media":0,"parent":32,"menu_order":1,"comment_status":"closed","ping_status":"closed","template":"","meta":[],"_links":{"self":[{"href":"https:\/\/lecznica.gdansk.pl\/index.php?rest_route=\/wp\/v2\/pages\/42"}],"collection":[{"href":"https:\/\/lecznica.gdansk.pl\/index.php?rest_route=\/wp\/v2\/pages"}],"about":[{"href":"https:\/\/lecznica.gdansk.pl\/index.php?rest_route=\/wp\/v2\/types\/page"}],"author":[{"embeddable":true,"href":"https:\/\/lecznica.gdansk.pl\/index.php?rest_route=\/wp\/v2\/users\/1"}],"replies":[{"embeddable":true,"href":"https:\/\/lecznica.gdansk.pl\/index.php?rest_route=%2Fwp%2Fv2%2Fcomments&post=42"}],"version-history":[{"count":6,"href":"https:\/\/lecznica.gdansk.pl\/index.php?rest_route=\/wp\/v2\/pages\/42\/revisions"}],"predecessor-version":[{"id":179,"href":"https:\/\/lecznica.gdansk.pl\/index.php?rest_route=\/wp\/v2\/pages\/42\/revisions\/179"}],"up":[{"embeddable":true,"href":"https:\/\/lecznica.gdansk.pl\/index.php?rest_route=\/wp\/v2\/pages\/32"}],"wp:attachment":[{"href":"https:\/\/lecznica.gdansk.pl\/index.php?rest_route=%2Fwp%2Fv2%2Fmedia&parent=42"}],"curies":[{"name":"wp","href":"https:\/\/api.w.org\/{rel}","templated":true}]}}