{"id":45,"date":"2014-06-05T20:03:19","date_gmt":"2014-06-05T20:03:19","guid":{"rendered":"http:\/\/leczgda2.abit.gda.pl\/?page_id=45"},"modified":"2019-02-28T22:43:09","modified_gmt":"2019-02-28T22:43:09","slug":"usg","status":"publish","type":"page","link":"https:\/\/lecznica.gdansk.pl\/?page_id=45","title":{"rendered":"USG"},"content":{"rendered":"<p>Badanie ultrasonograficzne jest niezast\u0105pione w diagnostyce chor\u00f3b uk\u0142adu moczowego, rozrodczego, pokarmowego. Umo\u017cliwia wczesne wykrywanie ci\u0105\u017cy oraz moniotorwanie jej przebiegu. Od niedawna posiadamy tak\u017ce sprz\u0119t do wykonywania profesjonalnego badania echokardiograficznego.<\/p>\n<p><strong>Na badania USG przyjmujemy zapisy ( SMS lub mail)<\/strong><\/p>\n<p>na wizyt\u0119 zwierz\u0119 musi zosta\u0107 odpowiednio przygotowane:<\/p>\n<p>g\u0142od\u00f3wka 24 godziny oraz wype\u0142niony p\u0119cherz moczowy<\/p>\n","protected":false},"excerpt":{"rendered":"<p>Badanie ultrasonograficzne jest niezast\u0105pione w diagnostyce chor\u00f3b uk\u0142adu moczowego, rozrodczego, pokarmowego. Umo\u017cliwia wczesne wykrywanie ci\u0105\u017cy oraz moniotorwanie jej przebiegu. Od niedawna posiadamy tak\u017ce sprz\u0119t do wykonywania profesjonalnego badania echokardiograficznego. Na badania USG przyjmujemy zapisy ( SMS lub mail) na wizyt\u0119 zwierz\u0119 musi zosta\u0107 odpowiednio przygotowane: g\u0142od\u00f3wka 24 godziny oraz wype\u0142niony p\u0119cherz moczowy<\/p>\n","protected":false},"author":1,"featured_media":0,"parent":32,"menu_order":2,"comment_status":"closed","ping_status":"closed","template":"","meta":[],"_links":{"self":[{"href":"https:\/\/lecznica.gdansk.pl\/index.php?rest_route=\/wp\/v2\/pages\/45"}],"collection":[{"href":"https:\/\/lecznica.gdansk.pl\/index.php?rest_route=\/wp\/v2\/pages"}],"about":[{"href":"https:\/\/lecznica.gdansk.pl\/index.php?rest_route=\/wp\/v2\/types\/page"}],"author":[{"embeddable":true,"href":"https:\/\/lecznica.gdansk.pl\/index.php?rest_route=\/wp\/v2\/users\/1"}],"replies":[{"embeddable":true,"href":"https:\/\/lecznica.gdansk.pl\/index.php?rest_route=%2Fwp%2Fv2%2Fcomments&post=45"}],"version-history":[{"count":5,"href":"https:\/\/lecznica.gdansk.pl\/index.php?rest_route=\/wp\/v2\/pages\/45\/revisions"}],"predecessor-version":[{"id":893,"href":"https:\/\/lecznica.gdansk.pl\/index.php?rest_route=\/wp\/v2\/pages\/45\/revisions\/893"}],"up":[{"embeddable":true,"href":"https:\/\/lecznica.gdansk.pl\/index.php?rest_route=\/wp\/v2\/pages\/32"}],"wp:attachment":[{"href":"https:\/\/lecznica.gdansk.pl\/index.php?rest_route=%2Fwp%2Fv2%2Fmedia&parent=45"}],"curies":[{"name":"wp","href":"https:\/\/api.w.org\/{rel}","templated":true}]}}