{"id":49,"date":"2014-06-05T20:03:57","date_gmt":"2014-06-05T20:03:57","guid":{"rendered":"http:\/\/leczgda2.abit.gda.pl\/?page_id=49"},"modified":"2014-06-11T16:15:12","modified_gmt":"2014-06-11T16:15:12","slug":"rtg","status":"publish","type":"page","link":"https:\/\/lecznica.gdansk.pl\/?page_id=49","title":{"rendered":"RTG"},"content":{"rendered":"<p><strong>Rentgenodiagnostyka<\/strong> &#8211; nieinwazyjna metoda umo\u017cliwiaj\u0105ca wykonywanie bada\u0144 przegl\u0105dowych i kontrastowych takich jak:<\/p>\n<ul>\n<li>zdj\u0119cia kr\u0119gos\u0142upa,<\/li>\n<li>ko\u015bci ko\u0144czyn,<\/li>\n<li>klatki piersiowej z ocen\u0105 sylwetki serca,<\/li>\n<li>badanie kontrastowe przewodu pokarmowego,<\/li>\n<li>badanie kontrastowe\u00a0\u00a0dr\u00f3g moczowych.<\/li>\n<\/ul>\n<p>Nowoczesny aparat RTG zapewnia wysoki poziom bezpiecze\u0144stwa i ogranicza wysoko\u015b\u0107 dawki promieniowania do absolutnie niezb\u0119dnego minimum.<\/p>\n","protected":false},"excerpt":{"rendered":"<p>Rentgenodiagnostyka &#8211; nieinwazyjna metoda umo\u017cliwiaj\u0105ca wykonywanie bada\u0144 przegl\u0105dowych i kontrastowych takich jak: zdj\u0119cia kr\u0119gos\u0142upa, ko\u015bci ko\u0144czyn, klatki piersiowej z ocen\u0105 sylwetki serca, badanie kontrastowe przewodu pokarmowego, badanie kontrastowe\u00a0\u00a0dr\u00f3g moczowych. Nowoczesny aparat RTG zapewnia wysoki poziom bezpiecze\u0144stwa i ogranicza wysoko\u015b\u0107 dawki promieniowania do absolutnie niezb\u0119dnego minimum.<\/p>\n","protected":false},"author":1,"featured_media":0,"parent":32,"menu_order":4,"comment_status":"closed","ping_status":"closed","template":"","meta":[],"_links":{"self":[{"href":"https:\/\/lecznica.gdansk.pl\/index.php?rest_route=\/wp\/v2\/pages\/49"}],"collection":[{"href":"https:\/\/lecznica.gdansk.pl\/index.php?rest_route=\/wp\/v2\/pages"}],"about":[{"href":"https:\/\/lecznica.gdansk.pl\/index.php?rest_route=\/wp\/v2\/types\/page"}],"author":[{"embeddable":true,"href":"https:\/\/lecznica.gdansk.pl\/index.php?rest_route=\/wp\/v2\/users\/1"}],"replies":[{"embeddable":true,"href":"https:\/\/lecznica.gdansk.pl\/index.php?rest_route=%2Fwp%2Fv2%2Fcomments&post=49"}],"version-history":[{"count":4,"href":"https:\/\/lecznica.gdansk.pl\/index.php?rest_route=\/wp\/v2\/pages\/49\/revisions"}],"predecessor-version":[{"id":123,"href":"https:\/\/lecznica.gdansk.pl\/index.php?rest_route=\/wp\/v2\/pages\/49\/revisions\/123"}],"up":[{"embeddable":true,"href":"https:\/\/lecznica.gdansk.pl\/index.php?rest_route=\/wp\/v2\/pages\/32"}],"wp:attachment":[{"href":"https:\/\/lecznica.gdansk.pl\/index.php?rest_route=%2Fwp%2Fv2%2Fmedia&parent=49"}],"curies":[{"name":"wp","href":"https:\/\/api.w.org\/{rel}","templated":true}]}}