{"id":51,"date":"2014-06-05T20:05:00","date_gmt":"2014-06-05T20:05:00","guid":{"rendered":"http:\/\/leczgda2.abit.gda.pl\/?page_id=51"},"modified":"2017-02-16T16:01:41","modified_gmt":"2017-02-16T16:01:41","slug":"lokalizacja","status":"publish","type":"page","link":"https:\/\/lecznica.gdansk.pl\/?page_id=51","title":{"rendered":"Lokalizacja"},"content":{"rendered":"<p><iframe src=\"https:\/\/maps.google.pl\/maps?q=feniksa+28,+gda%C5%84sk&amp;hl=pl&amp;ie=UTF8&amp;sll=54.42672,18.48381&amp;sspn=0.006766,0.021136&amp;t=h&amp;hnear=Feniksa+28,+Gda%C5%84sk,+pomorskie&amp;hq=&amp;z=14&amp;ll=54.426695,18.48381&amp;output=embed\" width=\"425\" height=\"350\" frameborder=\"0\" marginwidth=\"0\" marginheight=\"0\" scrolling=\"no\"><\/iframe><br \/>\n<small><a style=\"color: #0000ff; text-align: left;\" href=\"https:\/\/maps.google.pl\/maps?q=feniksa+28,+gda%C5%84sk&amp;hl=pl&amp;ie=UTF8&amp;sll=54.42672,18.48381&amp;sspn=0.006766,0.021136&amp;t=h&amp;hnear=Feniksa+28,+Gda%C5%84sk,+pomorskie&amp;hq=&amp;z=14&amp;ll=54.426695,18.48381&amp;source=embed\">Wy\u015bwietl wi\u0119ksz\u0105 map\u0119<\/a><\/small><\/p>\n<p><strong>Adres:<\/strong><br \/>\nPrzychodnia Weterynaryjna<br \/>\nul. Feniksa 28<br \/>\n80-299 Gda\u0144sk &#8211; Osowa<\/p>\n<p><strong>Telefon:<\/strong><br \/>\n513 13 12 14<\/p>\n<p><strong>E-mail:<\/strong><br \/>\nm.taube@lecznica.gdansk.pl<\/p>\n","protected":false},"excerpt":{"rendered":"<p>Wy\u015bwietl wi\u0119ksz\u0105 map\u0119 Adres: Przychodnia Weterynaryjna ul. Feniksa 28 80-299 Gda\u0144sk &#8211; Osowa Telefon: 513 13 12 14 E-mail: m.taube@lecznica.gdansk.pl<\/p>\n","protected":false},"author":1,"featured_media":0,"parent":34,"menu_order":2,"comment_status":"closed","ping_status":"closed","template":"","meta":[],"_links":{"self":[{"href":"https:\/\/lecznica.gdansk.pl\/index.php?rest_route=\/wp\/v2\/pages\/51"}],"collection":[{"href":"https:\/\/lecznica.gdansk.pl\/index.php?rest_route=\/wp\/v2\/pages"}],"about":[{"href":"https:\/\/lecznica.gdansk.pl\/index.php?rest_route=\/wp\/v2\/types\/page"}],"author":[{"embeddable":true,"href":"https:\/\/lecznica.gdansk.pl\/index.php?rest_route=\/wp\/v2\/users\/1"}],"replies":[{"embeddable":true,"href":"https:\/\/lecznica.gdansk.pl\/index.php?rest_route=%2Fwp%2Fv2%2Fcomments&post=51"}],"version-history":[{"count":9,"href":"https:\/\/lecznica.gdansk.pl\/index.php?rest_route=\/wp\/v2\/pages\/51\/revisions"}],"predecessor-version":[{"id":532,"href":"https:\/\/lecznica.gdansk.pl\/index.php?rest_route=\/wp\/v2\/pages\/51\/revisions\/532"}],"up":[{"embeddable":true,"href":"https:\/\/lecznica.gdansk.pl\/index.php?rest_route=\/wp\/v2\/pages\/34"}],"wp:attachment":[{"href":"https:\/\/lecznica.gdansk.pl\/index.php?rest_route=%2Fwp%2Fv2%2Fmedia&parent=51"}],"curies":[{"name":"wp","href":"https:\/\/api.w.org\/{rel}","templated":true}]}}