{"id":56,"date":"2014-06-05T20:07:52","date_gmt":"2014-06-05T20:07:52","guid":{"rendered":"http:\/\/leczgda2.abit.gda.pl\/?page_id=56"},"modified":"2014-07-11T14:35:18","modified_gmt":"2014-07-11T14:35:18","slug":"leczenie-chorob-wewnetrznych","status":"publish","type":"page","link":"https:\/\/lecznica.gdansk.pl\/?page_id=56","title":{"rendered":"Leczenie chor\u00f3b wewn\u0119trznych ps\u00f3w i kot\u00f3w"},"content":{"rendered":"<p>Zapraszamy do zapoznania si\u0119 ze szczeg\u00f3\u0142ow\u0105 ofert\u0105.<\/p>\n","protected":false},"excerpt":{"rendered":"<p>Zapraszamy do zapoznania si\u0119 ze szczeg\u00f3\u0142ow\u0105 ofert\u0105.<\/p>\n","protected":false},"author":1,"featured_media":0,"parent":15,"menu_order":0,"comment_status":"closed","ping_status":"closed","template":"page-templates\/full-width.php","meta":[],"_links":{"self":[{"href":"https:\/\/lecznica.gdansk.pl\/index.php?rest_route=\/wp\/v2\/pages\/56"}],"collection":[{"href":"https:\/\/lecznica.gdansk.pl\/index.php?rest_route=\/wp\/v2\/pages"}],"about":[{"href":"https:\/\/lecznica.gdansk.pl\/index.php?rest_route=\/wp\/v2\/types\/page"}],"author":[{"embeddable":true,"href":"https:\/\/lecznica.gdansk.pl\/index.php?rest_route=\/wp\/v2\/users\/1"}],"replies":[{"embeddable":true,"href":"https:\/\/lecznica.gdansk.pl\/index.php?rest_route=%2Fwp%2Fv2%2Fcomments&post=56"}],"version-history":[{"count":3,"href":"https:\/\/lecznica.gdansk.pl\/index.php?rest_route=\/wp\/v2\/pages\/56\/revisions"}],"predecessor-version":[{"id":164,"href":"https:\/\/lecznica.gdansk.pl\/index.php?rest_route=\/wp\/v2\/pages\/56\/revisions\/164"}],"up":[{"embeddable":true,"href":"https:\/\/lecznica.gdansk.pl\/index.php?rest_route=\/wp\/v2\/pages\/15"}],"wp:attachment":[{"href":"https:\/\/lecznica.gdansk.pl\/index.php?rest_route=%2Fwp%2Fv2%2Fmedia&parent=56"}],"curies":[{"name":"wp","href":"https:\/\/api.w.org\/{rel}","templated":true}]}}