{"id":60,"date":"2014-06-05T20:08:45","date_gmt":"2014-06-05T20:08:45","guid":{"rendered":"http:\/\/leczgda2.abit.gda.pl\/?page_id=60"},"modified":"2014-06-19T18:33:42","modified_gmt":"2014-06-19T18:33:42","slug":"szczepienia-profilaktyczne","status":"publish","type":"page","link":"https:\/\/lecznica.gdansk.pl\/?page_id=60","title":{"rendered":"Szczepienia profilaktyczne"},"content":{"rendered":"<p>Wykonujemy szczepienia profilaktyczne przeciwko chorobom zaka\u017anym:<\/p>\n<ul>\n<li>ps\u00f3w<\/li>\n<li>kot\u00f3w<\/li>\n<li>kr\u00f3lik\u00f3w<\/li>\n<li>fretek<\/li>\n<\/ul>\n","protected":false},"excerpt":{"rendered":"<p>Wykonujemy szczepienia profilaktyczne przeciwko chorobom zaka\u017anym: ps\u00f3w kot\u00f3w kr\u00f3lik\u00f3w fretek<\/p>\n","protected":false},"author":1,"featured_media":0,"parent":56,"menu_order":2,"comment_status":"closed","ping_status":"closed","template":"","meta":[],"_links":{"self":[{"href":"https:\/\/lecznica.gdansk.pl\/index.php?rest_route=\/wp\/v2\/pages\/60"}],"collection":[{"href":"https:\/\/lecznica.gdansk.pl\/index.php?rest_route=\/wp\/v2\/pages"}],"about":[{"href":"https:\/\/lecznica.gdansk.pl\/index.php?rest_route=\/wp\/v2\/types\/page"}],"author":[{"embeddable":true,"href":"https:\/\/lecznica.gdansk.pl\/index.php?rest_route=\/wp\/v2\/users\/1"}],"replies":[{"embeddable":true,"href":"https:\/\/lecznica.gdansk.pl\/index.php?rest_route=%2Fwp%2Fv2%2Fcomments&post=60"}],"version-history":[{"count":3,"href":"https:\/\/lecznica.gdansk.pl\/index.php?rest_route=\/wp\/v2\/pages\/60\/revisions"}],"predecessor-version":[{"id":138,"href":"https:\/\/lecznica.gdansk.pl\/index.php?rest_route=\/wp\/v2\/pages\/60\/revisions\/138"}],"up":[{"embeddable":true,"href":"https:\/\/lecznica.gdansk.pl\/index.php?rest_route=\/wp\/v2\/pages\/56"}],"wp:attachment":[{"href":"https:\/\/lecznica.gdansk.pl\/index.php?rest_route=%2Fwp%2Fv2%2Fmedia&parent=60"}],"curies":[{"name":"wp","href":"https:\/\/api.w.org\/{rel}","templated":true}]}}