{"id":62,"date":"2014-06-05T20:09:39","date_gmt":"2014-06-05T20:09:39","guid":{"rendered":"http:\/\/leczgda2.abit.gda.pl\/?page_id=62"},"modified":"2014-06-19T18:34:09","modified_gmt":"2014-06-19T18:34:09","slug":"stomatologia","status":"publish","type":"page","link":"https:\/\/lecznica.gdansk.pl\/?page_id=62","title":{"rendered":"Stomatologia"},"content":{"rendered":"<p>W ramach zabieg\u00f3w stomatologicznych wykonujemy:<\/p>\n<ul>\n<li>usuwanie kamienia naz\u0119bnego (ultrad\u017awi\u0119ki)<\/li>\n<li>leczenie kana\u0142owe (wype\u0142nienia \u015bwiat\u0142outwardzalne)<\/li>\n<li>korekcj\u0119 zgryzu<\/li>\n<\/ul>\n","protected":false},"excerpt":{"rendered":"<p>W ramach zabieg\u00f3w stomatologicznych wykonujemy: usuwanie kamienia naz\u0119bnego (ultrad\u017awi\u0119ki) leczenie kana\u0142owe (wype\u0142nienia \u015bwiat\u0142outwardzalne) korekcj\u0119 zgryzu<\/p>\n","protected":false},"author":1,"featured_media":0,"parent":56,"menu_order":3,"comment_status":"closed","ping_status":"closed","template":"","meta":[],"_links":{"self":[{"href":"https:\/\/lecznica.gdansk.pl\/index.php?rest_route=\/wp\/v2\/pages\/62"}],"collection":[{"href":"https:\/\/lecznica.gdansk.pl\/index.php?rest_route=\/wp\/v2\/pages"}],"about":[{"href":"https:\/\/lecznica.gdansk.pl\/index.php?rest_route=\/wp\/v2\/types\/page"}],"author":[{"embeddable":true,"href":"https:\/\/lecznica.gdansk.pl\/index.php?rest_route=\/wp\/v2\/users\/1"}],"replies":[{"embeddable":true,"href":"https:\/\/lecznica.gdansk.pl\/index.php?rest_route=%2Fwp%2Fv2%2Fcomments&post=62"}],"version-history":[{"count":3,"href":"https:\/\/lecznica.gdansk.pl\/index.php?rest_route=\/wp\/v2\/pages\/62\/revisions"}],"predecessor-version":[{"id":140,"href":"https:\/\/lecznica.gdansk.pl\/index.php?rest_route=\/wp\/v2\/pages\/62\/revisions\/140"}],"up":[{"embeddable":true,"href":"https:\/\/lecznica.gdansk.pl\/index.php?rest_route=\/wp\/v2\/pages\/56"}],"wp:attachment":[{"href":"https:\/\/lecznica.gdansk.pl\/index.php?rest_route=%2Fwp%2Fv2%2Fmedia&parent=62"}],"curies":[{"name":"wp","href":"https:\/\/api.w.org\/{rel}","templated":true}]}}