{"id":64,"date":"2014-06-05T20:09:54","date_gmt":"2014-06-05T20:09:54","guid":{"rendered":"http:\/\/leczgda2.abit.gda.pl\/?page_id=64"},"modified":"2014-06-19T18:34:23","modified_gmt":"2014-06-19T18:34:23","slug":"dermatologia","status":"publish","type":"page","link":"https:\/\/lecznica.gdansk.pl\/?page_id=64","title":{"rendered":"Dermatologia"},"content":{"rendered":"<p>W ramach us\u0142ug dermatologicznych wykonujemy:<\/p>\n<ul>\n<li>diagnostyk\u0119 i leczenie chor\u00f3b sk\u00f3ry<\/li>\n<li><a title=\"Testy alergiczne\" href=\"http:\/\/lecznica.gdansk.pl\/?page_id=42\">testy alergiczne<\/a><\/li>\n<li>odczulanie<\/li>\n<\/ul>\n<p><strong>Immunoterapia swoista<\/strong> &#8211; jest obecnie podstawowym sposobem leczenia przyczyn alergii. Odczulanie zmienia spos\u00f3b w jaki organizm odpowiada na bod\u017ace z zewn\u0105trz z nieprawid\u0142owego na taki jaki wyst\u0119puje u wi\u0119kszo\u015bci osobnik\u00f3w. Odczulanie polega na podaniu serii iniekcji stopniowo wzrastaj\u0105cych dawek preparat\u00f3w zawieraj\u0105cych uczulaj\u0105cy alergen. Rozpoczynaj\u0105c od bardzo ma\u0142ych dawek i stopniowo zwi\u0119kszaj\u0105c st\u0119\u017cenie alergenu doprowadza si\u0119 do zwi\u0119kszenia tolerancji organizmu na dany alergen.<\/p>\n","protected":false},"excerpt":{"rendered":"<p>W ramach us\u0142ug dermatologicznych wykonujemy: diagnostyk\u0119 i leczenie chor\u00f3b sk\u00f3ry testy alergiczne odczulanie Immunoterapia swoista &#8211; jest obecnie podstawowym sposobem leczenia przyczyn alergii. Odczulanie zmienia spos\u00f3b w jaki organizm odpowiada na bod\u017ace z zewn\u0105trz z nieprawid\u0142owego na taki jaki wyst\u0119puje u wi\u0119kszo\u015bci osobnik\u00f3w. Odczulanie polega na podaniu serii iniekcji stopniowo wzrastaj\u0105cych dawek preparat\u00f3w zawieraj\u0105cych uczulaj\u0105cy &hellip; <a href=\"https:\/\/lecznica.gdansk.pl\/?page_id=64\" class=\"more-link\">Czytaj dalej <span class=\"screen-reader-text\">Dermatologia<\/span> <span class=\"meta-nav\">&rarr;<\/span><\/a><\/p>\n","protected":false},"author":1,"featured_media":0,"parent":56,"menu_order":4,"comment_status":"closed","ping_status":"closed","template":"","meta":[],"_links":{"self":[{"href":"https:\/\/lecznica.gdansk.pl\/index.php?rest_route=\/wp\/v2\/pages\/64"}],"collection":[{"href":"https:\/\/lecznica.gdansk.pl\/index.php?rest_route=\/wp\/v2\/pages"}],"about":[{"href":"https:\/\/lecznica.gdansk.pl\/index.php?rest_route=\/wp\/v2\/types\/page"}],"author":[{"embeddable":true,"href":"https:\/\/lecznica.gdansk.pl\/index.php?rest_route=\/wp\/v2\/users\/1"}],"replies":[{"embeddable":true,"href":"https:\/\/lecznica.gdansk.pl\/index.php?rest_route=%2Fwp%2Fv2%2Fcomments&post=64"}],"version-history":[{"count":3,"href":"https:\/\/lecznica.gdansk.pl\/index.php?rest_route=\/wp\/v2\/pages\/64\/revisions"}],"predecessor-version":[{"id":150,"href":"https:\/\/lecznica.gdansk.pl\/index.php?rest_route=\/wp\/v2\/pages\/64\/revisions\/150"}],"up":[{"embeddable":true,"href":"https:\/\/lecznica.gdansk.pl\/index.php?rest_route=\/wp\/v2\/pages\/56"}],"wp:attachment":[{"href":"https:\/\/lecznica.gdansk.pl\/index.php?rest_route=%2Fwp%2Fv2%2Fmedia&parent=64"}],"curies":[{"name":"wp","href":"https:\/\/api.w.org\/{rel}","templated":true}]}}