{"id":66,"date":"2014-06-05T20:10:24","date_gmt":"2014-06-05T20:10:24","guid":{"rendered":"http:\/\/leczgda2.abit.gda.pl\/?page_id=66"},"modified":"2014-06-19T18:36:04","modified_gmt":"2014-06-19T18:36:04","slug":"laseroterapia","status":"publish","type":"page","link":"https:\/\/lecznica.gdansk.pl\/?page_id=66","title":{"rendered":"Laseroterapia"},"content":{"rendered":"<p><strong>Biostymulator laserowy<\/strong> emituje promieniowanie, kt\u00f3re wnikaj\u0105c w g\u0142\u0105b tkanek wzmaga w nich wszelkie procesy naprawcze, takie jak :<\/p>\n<ul>\n<li>zmniejszenie proces\u00f3w zapalnych,<\/li>\n<li>przyspieszenie metabolizmu tkankowego,<\/li>\n<li>poprawa ukrwienia,<\/li>\n<li>obni\u017cenie czucia b\u00f3lu.<\/li>\n<\/ul>\n","protected":false},"excerpt":{"rendered":"<p>Biostymulator laserowy emituje promieniowanie, kt\u00f3re wnikaj\u0105c w g\u0142\u0105b tkanek wzmaga w nich wszelkie procesy naprawcze, takie jak : zmniejszenie proces\u00f3w zapalnych, przyspieszenie metabolizmu tkankowego, poprawa ukrwienia, obni\u017cenie czucia b\u00f3lu.<\/p>\n","protected":false},"author":1,"featured_media":0,"parent":56,"menu_order":6,"comment_status":"closed","ping_status":"closed","template":"","meta":[],"_links":{"self":[{"href":"https:\/\/lecznica.gdansk.pl\/index.php?rest_route=\/wp\/v2\/pages\/66"}],"collection":[{"href":"https:\/\/lecznica.gdansk.pl\/index.php?rest_route=\/wp\/v2\/pages"}],"about":[{"href":"https:\/\/lecznica.gdansk.pl\/index.php?rest_route=\/wp\/v2\/types\/page"}],"author":[{"embeddable":true,"href":"https:\/\/lecznica.gdansk.pl\/index.php?rest_route=\/wp\/v2\/users\/1"}],"replies":[{"embeddable":true,"href":"https:\/\/lecznica.gdansk.pl\/index.php?rest_route=%2Fwp%2Fv2%2Fcomments&post=66"}],"version-history":[{"count":4,"href":"https:\/\/lecznica.gdansk.pl\/index.php?rest_route=\/wp\/v2\/pages\/66\/revisions"}],"predecessor-version":[{"id":143,"href":"https:\/\/lecznica.gdansk.pl\/index.php?rest_route=\/wp\/v2\/pages\/66\/revisions\/143"}],"up":[{"embeddable":true,"href":"https:\/\/lecznica.gdansk.pl\/index.php?rest_route=\/wp\/v2\/pages\/56"}],"wp:attachment":[{"href":"https:\/\/lecznica.gdansk.pl\/index.php?rest_route=%2Fwp%2Fv2%2Fmedia&parent=66"}],"curies":[{"name":"wp","href":"https:\/\/api.w.org\/{rel}","templated":true}]}}