{"id":84,"date":"2014-06-06T22:03:30","date_gmt":"2014-06-06T22:03:30","guid":{"rendered":"http:\/\/leczgda2.abit.gda.pl\/?page_id=84"},"modified":"2014-06-19T18:44:51","modified_gmt":"2014-06-19T18:44:51","slug":"kardiologia","status":"publish","type":"page","link":"https:\/\/lecznica.gdansk.pl\/?page_id=84","title":{"rendered":"Kardiologia"},"content":{"rendered":"<p>Choroby serca ps\u00f3w i kot\u00f3w s\u0105 jedn\u0105 z najcz\u0119stszych przyczyn wizyt w gabinecie weterynaryjnym. Skuteczno\u015b\u0107 leczenia pacjenta kardiologicznego w du\u017cej mierze zale\u017cy od dok\u0142adnego rozpoznania . Rozw\u00f3j diagnostyki obrazowej mi\u0119dzy innymi echokardiografii pozwoli\u0142 nam dok\u0142adnie ocenia\u0107 budow\u0119 serca jak i jego prac\u0119 co jest niezmiernie wa\u017cne przy odpowiednim doborze lek\u00f3w i monitorowaniu skuteczno\u015bci leczenia.<\/p>\n","protected":false},"excerpt":{"rendered":"<p>Choroby serca ps\u00f3w i kot\u00f3w s\u0105 jedn\u0105 z najcz\u0119stszych przyczyn wizyt w gabinecie weterynaryjnym. Skuteczno\u015b\u0107 leczenia pacjenta kardiologicznego w du\u017cej mierze zale\u017cy od dok\u0142adnego rozpoznania . Rozw\u00f3j diagnostyki obrazowej mi\u0119dzy innymi echokardiografii pozwoli\u0142 nam dok\u0142adnie ocenia\u0107 budow\u0119 serca jak i jego prac\u0119 co jest niezmiernie wa\u017cne przy odpowiednim doborze lek\u00f3w i monitorowaniu skuteczno\u015bci leczenia.<\/p>\n","protected":false},"author":1,"featured_media":0,"parent":56,"menu_order":5,"comment_status":"closed","ping_status":"closed","template":"","meta":[],"_links":{"self":[{"href":"https:\/\/lecznica.gdansk.pl\/index.php?rest_route=\/wp\/v2\/pages\/84"}],"collection":[{"href":"https:\/\/lecznica.gdansk.pl\/index.php?rest_route=\/wp\/v2\/pages"}],"about":[{"href":"https:\/\/lecznica.gdansk.pl\/index.php?rest_route=\/wp\/v2\/types\/page"}],"author":[{"embeddable":true,"href":"https:\/\/lecznica.gdansk.pl\/index.php?rest_route=\/wp\/v2\/users\/1"}],"replies":[{"embeddable":true,"href":"https:\/\/lecznica.gdansk.pl\/index.php?rest_route=%2Fwp%2Fv2%2Fcomments&post=84"}],"version-history":[{"count":2,"href":"https:\/\/lecznica.gdansk.pl\/index.php?rest_route=\/wp\/v2\/pages\/84\/revisions"}],"predecessor-version":[{"id":162,"href":"https:\/\/lecznica.gdansk.pl\/index.php?rest_route=\/wp\/v2\/pages\/84\/revisions\/162"}],"up":[{"embeddable":true,"href":"https:\/\/lecznica.gdansk.pl\/index.php?rest_route=\/wp\/v2\/pages\/56"}],"wp:attachment":[{"href":"https:\/\/lecznica.gdansk.pl\/index.php?rest_route=%2Fwp%2Fv2%2Fmedia&parent=84"}],"curies":[{"name":"wp","href":"https:\/\/api.w.org\/{rel}","templated":true}]}}